{"id":57,"date":"2018-11-21T01:53:31","date_gmt":"2018-11-21T00:53:31","guid":{"rendered":"http:\/\/canicross.pitallat.cat\/?page_id=57"},"modified":"2025-02-12T06:34:06","modified_gmt":"2025-02-12T05:34:06","slug":"media","status":"publish","type":"page","link":"https:\/\/canicross.pitallat.cat\/?page_id=57","title":{"rendered":"Media"},"content":{"rendered":"<div id=\"dslc-theme-content\"><div id=\"dslc-theme-content-inner\"><div id=\"pl-57\"  class=\"panel-layout\" ><div id=\"pg-57-0\"  class=\"panel-grid panel-no-style\" ><div id=\"pgc-57-0-0\"  class=\"panel-grid-cell\" ><div id=\"panel-57-0-0-0\" class=\"so-panel widget widget_sow-editor panel-first-child panel-last-child\" data-index=\"0\" ><div class=\"panel-widget-style panel-widget-style-for-57-0-0-0\" ><div class=\"so-widget-sow-editor so-widget-sow-editor-base\">\n<div class=\"siteorigin-widget-tinymce textwidget\">\n\t<p><a href=\"https:\/\/photos.google.com\/u\/1\/share\/AF1QipNbmF_IKqfuOj3MTMQPisSDRpEF5Q8dxasgkatQsh0WWBZseGee1dTArAldc11M5w?key=MW1ocVM1b282MUxhNkxBeVZmNUt1Um84ZGdwc053\" target=\"_blank\" rel=\"noopener\">7\u00e8 Canicr\u00f2s Pi Tallat 2025 (General)<\/a><\/p>\n<p><a href=\"https:\/\/photos.google.com\/share\/AF1QipMfFPM1-uJRCFDKywhx0R55lFRHPq9o1zjzV4KihlraVWozor0yu7Vj1NRsPUO2Ew?key=TF9qSDBfODZkNDlzd1VVMi1SOEtBRnhVSDdrMTRn\" target=\"_blank\" rel=\"noopener\">7\u00e8 Canicr\u00f2s Pi Tallat 2025 (Canicr\u00f2s) - Omar Pinto<\/a><\/p>\n<p><a href=\"https:\/\/photos.google.com\/share\/AF1QipPV7Rxt7eTPTl-ue81bXg5N1EZ3LrZWslTflnbFzw-EdkJAikHb4wpZxJyda1u1mA?key=dFhFUWw4YUJSVGQwM212Q2piTjU0QXRLbEpETm9n\" target=\"_blank\" rel=\"noopener\">7\u00e8 Canicr\u00f2s Pi Tallat 2025 (CaniBTT) - Omar Pinto<\/a><\/p>\n<p><a href=\"https:\/\/photos.google.com\/share\/AF1QipODZKIPwURdE3mZOSoKQb6z-wGz1MEGO-beeWxJLo8ore3VrY_rzbclK4CXZUwj6g?key=WGhYdjVsdXBfZGZDbXo0Z25vUkppUXBzejJOYTJB\" target=\"_blank\" rel=\"noopener\">7\u00e8 Canicr\u00f2s Pi Tallat 2025 (Caminada, Parc) - Omar Pinto<\/a><\/p>\n<hr \/>\n<p><a href=\"https:\/\/photos.app.goo.gl\/bc19e4omG1nFhpm3A\" target=\"_blank\" rel=\"noopener\">6\u00e8 Canicr\u00f2s Pi Tallat 2023<\/a><\/p>\n<hr \/>\n<p><a href=\"https:\/\/l.facebook.com\/l.php?u=https%3A%2F%2Fphotos.app.goo.gl%2FNe1wFcRxJJrEmso37%3Ffbclid%3DIwAR0hxmsd3NFUaFTRqQdUg3P-wtD3wSECYS7GP176K9KwW6269rdUtz_9-4A&amp;h=AT2QWO5lmz59ixfOvDnSzXs3nFIxhfKzXU3TEoW1P-W1zPn3asUdrtUtefZNbUHgBeGw17VIuzkQetsdp2um6ObbW-xeYyTeQBSHPnI4A06wvD_cxUnMEcCjN2UcpAzmXhZa&amp;__tn__=-UK-R&amp;c[0]=AT00u6XED2ISW5lwxna_jMMbpAQGnm8jjNLCH_2WjDJK0m5bnskKLn0hz_QyxNrDwKLnsPnVy_xIkcgMgt_DP1tH4oB-zM7UW7O93EQZi4_aljdYAsFOMNbk6uYJcL7WtV7Aa6mpWN-GRpyzHsFGKfnrIirY3zCtYPaqKH6dsC3647Vl3YRHJ5UIlic3JrPOvnKyFAQ\" target=\"_blank\" rel=\"noopener\">5\u00e8 Canicr\u00f2s Pi Tallat 2022<\/a><\/p>\n<hr \/>\n<p><a href=\"https:\/\/photos.app.goo.gl\/RJFbAUY2RqDQwaiv8\" target=\"_blank\" rel=\"noopener\">4t Canicross 2020 - Parc, sortida, arribada, podis (Jordi)<\/a><\/p>\n<p><a href=\"https:\/\/photos.app.goo.gl\/9Ta9vZmV5u7Dinnk8\" target=\"_blank\" rel=\"noopener\">4t Canicross 2020 - Recorregut, Parc (Chus)<\/a><\/p>\n<hr \/>\n<p><a href=\"https:\/\/photos.app.goo.gl\/6zyYU5zMsnRKmKRk8\" target=\"_blank\" rel=\"noopener\">3er Canicr\u00f2s 2019 - Parc, sortida, arribada i podis (Jordi)<\/a><\/p>\n<p><a href=\"https:\/\/photos.app.goo.gl\/9XrhXPhUQqj2sZqo8\" target=\"_blank\" rel=\"noopener\">3er Canicr\u00f2s 2019 - Pla\u00e7a del Pi Tallat, Canicr\u00f2s i caminada (Gl\u00f2ria)<\/a><\/p>\n<p><a href=\"https:\/\/photos.app.goo.gl\/uCmhLoqzuCLu423L7\" target=\"_blank\" rel=\"noopener\">3er Canicr\u00f2s 2019 - Corriol Canicr\u00f2s (Carlos)<\/a><\/p>\n<p><a href=\"https:\/\/photos.app.goo.gl\/bn1ut28F1ztjJcn19\" target=\"_blank\" rel=\"noopener\">3er Canicr\u00f2s 2019 - Parc, Canicr\u00f2s i caminada (Alfonso)<\/a><\/p>\n<hr \/>\n<p><a href=\"https:\/\/www.facebook.com\/media\/set\/?set=a.441420379588933&amp;type=1&amp;l=afef059d93\" target=\"_blank\" rel=\"noopener\">Fotos edici\u00f3 2017 (I)<\/a><\/p>\n<p><a href=\"https:\/\/www.facebook.com\/media\/set\/?set=a.441860849544886&amp;type=1&amp;l=0e37488f78\" target=\"_blank\" rel=\"noopener\">Fotos edici\u00f3 2017 (II)<\/a><\/p>\n<\/div>\n<\/div><\/div><\/div><\/div><\/div><\/div><\/div><\/div>","protected":false},"excerpt":{"rendered":"<div class=\"slide-text-bg2\"><span>7\u00e8 Canicr\u00f2s Pi Tallat 2025 (General) 7\u00e8 Canicr\u00f2s Pi Tallat 2025 (Canicr\u00f2s) &#8211; Omar Pinto 7\u00e8 Canicr\u00f2s Pi Tallat 2025 (CaniBTT) &#8211; Omar Pinto 7\u00e8 Canicr<\/span><\/div>\n<div class=\"slide-btn-area-sm\"><a href=\"https:\/\/canicross.pitallat.cat\/?page_id=57\" class=\"slide-btn-sm\">Llegiu m\u00e9s<\/a><\/div>\n","protected":false},"author":1,"featured_media":0,"parent":0,"menu_order":0,"comment_status":"closed","ping_status":"closed","template":"fullwidth.php","meta":{"footnotes":""},"class_list":["post-57","page","type-page","status-publish","hentry"],"_links":{"self":[{"href":"https:\/\/canicross.pitallat.cat\/index.php?rest_route=\/wp\/v2\/pages\/57"}],"collection":[{"href":"https:\/\/canicross.pitallat.cat\/index.php?rest_route=\/wp\/v2\/pages"}],"about":[{"href":"https:\/\/canicross.pitallat.cat\/index.php?rest_route=\/wp\/v2\/types\/page"}],"author":[{"embeddable":true,"href":"https:\/\/canicross.pitallat.cat\/index.php?rest_route=\/wp\/v2\/users\/1"}],"replies":[{"embeddable":true,"href":"https:\/\/canicross.pitallat.cat\/index.php?rest_route=%2Fwp%2Fv2%2Fcomments&post=57"}],"version-history":[{"count":13,"href":"https:\/\/canicross.pitallat.cat\/index.php?rest_route=\/wp\/v2\/pages\/57\/revisions"}],"predecessor-version":[{"id":510,"href":"https:\/\/canicross.pitallat.cat\/index.php?rest_route=\/wp\/v2\/pages\/57\/revisions\/510"}],"wp:attachment":[{"href":"https:\/\/canicross.pitallat.cat\/index.php?rest_route=%2Fwp%2Fv2%2Fmedia&parent=57"}],"curies":[{"name":"wp","href":"https:\/\/api.w.org\/{rel}","templated":true}]}}