{"id":55,"date":"2018-11-21T01:52:55","date_gmt":"2018-11-21T00:52:55","guid":{"rendered":"http:\/\/canicross.pitallat.cat\/?page_id=55"},"modified":"2025-02-12T06:40:30","modified_gmt":"2025-02-12T05:40:30","slug":"classificacions","status":"publish","type":"page","link":"https:\/\/canicross.pitallat.cat\/?page_id=55","title":{"rendered":"Classificacions"},"content":{"rendered":"<div id=\"dslc-theme-content\"><div id=\"dslc-theme-content-inner\"><p><span style=\"color: #000000;\">Podeu descarregar les classificacions finals al seg\u00fcent enlla\u00e7:<\/span><\/p>\n<p><a href=\"https:\/\/sportmaniacs.com\/es\/races\/canicross-pi-tallat-2025\/678ccc5b-e510-4509-8231-47f1ac1f27f2\/results#rankings\" target=\"_blank\" rel=\"noopener\">Classificaci\u00f3 final 7\u00e8 Canicr\u00f2s Pi Tallat 2025<\/a><\/p>\n<hr \/>\n<p><a href=\"http:\/\/canicross.pitallat.cat\/wp-content\/uploads\/2023\/01\/Classificacio_PiTallat2023_FINAL.pdf\" target=\"_blank\" rel=\"noopener\">Classificaci\u00f3 final 6\u00e8 Canicros Pi Tallat 2023<\/a><\/p>\n<hr \/>\n<p><a href=\"http:\/\/canicross.pitallat.cat\/wp-content\/uploads\/2022\/03\/Classificacio-5e-Canicros-Pi-Tallat-2022.pdf\" target=\"_blank\" rel=\"noopener\">Classificaci\u00f3 final 5\u00e8 Canicr\u00f2s Pi Tallat 2022<\/a><\/p>\n<hr \/>\n<p><strong><a href=\"http:\/\/canicross.pitallat.cat\/wp-content\/uploads\/2020\/01\/clas_canicross_pitallat_2020_FINAL.pdf\" target=\"_blank\" rel=\"noopener noreferrer\">Classificaci\u00f3 final 4t Canicross Pi Tallat 2020<\/a><\/strong><\/p>\n<hr \/>\n<p><a href=\"http:\/\/canicross.pitallat.cat\/wp-content\/uploads\/2019\/01\/classif_3er_canicros.pdf\" target=\"_blank\" rel=\"noopener noreferrer\"><strong>Classificaci\u00f3 final 3er canicr\u00f2s Pi Tallat 2019<\/strong><\/a><\/p>\n<\/div><\/div>","protected":false},"excerpt":{"rendered":"<div class=\"slide-text-bg2\"><span>Podeu descarregar les classificacions finals al seg\u00fcent enlla\u00e7: Classificaci\u00f3 final 7\u00e8 Canicr\u00f2s Pi Tallat 2025 Classificaci\u00f3 final 6\u00e8 Canicros Pi Ta<\/span><\/div>\n<div class=\"slide-btn-area-sm\"><a href=\"https:\/\/canicross.pitallat.cat\/?page_id=55\" class=\"slide-btn-sm\">Llegiu m\u00e9s<\/a><\/div>\n","protected":false},"author":1,"featured_media":0,"parent":0,"menu_order":0,"comment_status":"closed","ping_status":"closed","template":"fullwidth.php","meta":{"footnotes":""},"class_list":["post-55","page","type-page","status-publish","hentry"],"_links":{"self":[{"href":"https:\/\/canicross.pitallat.cat\/index.php?rest_route=\/wp\/v2\/pages\/55"}],"collection":[{"href":"https:\/\/canicross.pitallat.cat\/index.php?rest_route=\/wp\/v2\/pages"}],"about":[{"href":"https:\/\/canicross.pitallat.cat\/index.php?rest_route=\/wp\/v2\/types\/page"}],"author":[{"embeddable":true,"href":"https:\/\/canicross.pitallat.cat\/index.php?rest_route=\/wp\/v2\/users\/1"}],"replies":[{"embeddable":true,"href":"https:\/\/canicross.pitallat.cat\/index.php?rest_route=%2Fwp%2Fv2%2Fcomments&post=55"}],"version-history":[{"count":10,"href":"https:\/\/canicross.pitallat.cat\/index.php?rest_route=\/wp\/v2\/pages\/55\/revisions"}],"predecessor-version":[{"id":511,"href":"https:\/\/canicross.pitallat.cat\/index.php?rest_route=\/wp\/v2\/pages\/55\/revisions\/511"}],"wp:attachment":[{"href":"https:\/\/canicross.pitallat.cat\/index.php?rest_route=%2Fwp%2Fv2%2Fmedia&parent=55"}],"curies":[{"name":"wp","href":"https:\/\/api.w.org\/{rel}","templated":true}]}}