{"id":39,"date":"2018-11-21T01:42:41","date_gmt":"2018-11-21T00:42:41","guid":{"rendered":"http:\/\/canicross.pitallat.cat\/?page_id=39"},"modified":"2025-12-29T19:33:06","modified_gmt":"2025-12-29T18:33:06","slug":"horaris-i-com-arribar","status":"publish","type":"page","link":"http:\/\/canicross.pitallat.cat\/?page_id=39","title":{"rendered":"Informaci\u00f3 general"},"content":{"rendered":"<div id=\"dslc-theme-content\"><div id=\"dslc-theme-content-inner\"><div id=\"pl-39\"  class=\"panel-layout\" ><div id=\"pg-39-0\"  class=\"panel-grid panel-no-style\" ><div id=\"pgc-39-0-0\"  class=\"panel-grid-cell\" ><div id=\"panel-39-0-0-0\" class=\"so-panel widget widget_sow-editor panel-first-child\" data-index=\"0\" ><div class=\"panel-widget-style panel-widget-style-for-39-0-0-0\" ><div class=\"so-widget-sow-editor so-widget-sow-editor-base\"><h3 class=\"widget-title\">Horaris<\/h3>\n<div class=\"siteorigin-widget-tinymce textwidget\">\n\t<ul>\n<li><strong>Obertura zona Camper (Parc de Can Preses): <\/strong>Dissabte 21\/3\/2026 - 15:00 h.<\/li>\n<li><strong>Recollida de dorsals i Control veterinari (Parc de Can Preses):<\/strong>\n<ul>\n<li>Dissabte 21\/3\/2026: De 18h a 19:30h.<\/li>\n<li>Diumenge 22\/3\/2026: A partir de les 06:30 h.<\/li>\n<\/ul>\n<\/li>\n<li><strong>Sortida Canicr\u00f2s:<\/strong> 8:00 h.<\/li>\n<li><strong>Sortida Caminada canina:<\/strong> 9:00 h.<\/li>\n<li><strong>Sortida Canicr\u00f2s Infantil:<\/strong> 10:45 h.<\/li>\n<li><strong>Entrega de premis:<\/strong> 11:00 h.<\/li>\n<li><strong>Sorteig col\u00b7laboradors:<\/strong> 11:15 h.<\/li>\n<\/ul>\n<\/div>\n<\/div><\/div><\/div><div id=\"panel-39-0-0-1\" class=\"so-panel widget widget_sow-editor\" data-index=\"1\" ><div class=\"panel-widget-style panel-widget-style-for-39-0-0-1\" ><div class=\"so-widget-sow-editor so-widget-sow-editor-base\"><h3 class=\"widget-title\">Com arribar<\/h3>\n<div class=\"siteorigin-widget-tinymce textwidget\">\n\t<p><strong>Lloc de sortida:<\/strong><\/p>\n<p>Parc de Can Preses,<br \/>\nSant Andreu de la Barca (Barcelona)<\/p>\n<p><iframe loading=\"lazy\" style=\"border: 0;\" src=\"https:\/\/www.google.com\/maps\/embed?pb=!1m14!1m8!1m3!1d1495.2308871304097!2d1.9560782!3d41.4508989!3m2!1i1024!2i768!4f13.1!3m3!1m2!1s0x12a48fa4936976bf%3A0x33ef2bd73b24c52b!2sCarrer+de+la+Serra+del+Cad%C3%AD%2C+11%2C+08740+Sant+Andreu+de+la+Barca%2C+Barcelona!5e0!3m2!1ses-419!2ses!4v1543272946580\" width=\"600\" height=\"450\" frameborder=\"0\" allowfullscreen=\"allowfullscreen\"><\/iframe><\/p>\n<p>&nbsp;<\/p>\n<\/div>\n<\/div><\/div><\/div><div id=\"panel-39-0-0-2\" class=\"so-panel widget widget_sow-editor\" data-index=\"2\" ><div class=\"panel-widget-style panel-widget-style-for-39-0-0-2\" ><div class=\"so-widget-sow-editor so-widget-sow-editor-base\"><h3 class=\"widget-title\">Serveis i obsequis<\/h3>\n<div class=\"siteorigin-widget-tinymce textwidget\">\n\t<ul>\n<li><span style=\"color: #808080;\"><strong>Servei de classificacions i cronometratge amb Xip.<\/strong><\/span><\/li>\n<li><span style=\"color: #808080;\"><strong>Entrega de premis a totes les categories.<br \/>\n<\/strong><\/span><\/li>\n<li><span style=\"color: #808080;\"><strong>Bossa del corredor amb obsequi pel gos i dels col\u00b7laboradors<br \/>\n<\/strong><\/span><\/li>\n<li><span style=\"color: #808080;\"><strong>Xocolata i coca abans de comen\u00e7ar<\/strong><\/span><\/li>\n<li><span style=\"color: #808080;\"><strong>Entrep\u00e0 de botifarra o veg\u00e0, \u00a0i beguda al finalitzar<br \/>\n<\/strong><\/span><\/li>\n<li><span style=\"color: #808080;\"><strong>Bar solidari a la zona d\u2019arribada<\/strong><\/span><\/li>\n<li><span style=\"color: #808080;\"><strong>WC<\/strong><\/span><span style=\"color: #808080;\"><strong><br \/>\n<\/strong><\/span><\/li>\n<li><span style=\"color: #808080;\"><strong>Ambul\u00e0ncia \/ Protecci\u00f3 civil.<\/strong><\/span><\/li>\n<\/ul>\n<p>&nbsp;<\/p>\n<\/div>\n<\/div><\/div><\/div><div id=\"panel-39-0-0-3\" class=\"so-panel widget widget_sow-accordion\" data-index=\"3\" ><div class=\"panel-widget-style panel-widget-style-for-39-0-0-3\" ><div class=\"so-widget-sow-accordion so-widget-sow-accordion-default-a2be87cdeeb1-39\"><h3 class=\"widget-title\">Modalitats<\/h3><div>\n\t<div class=\"sow-accordion\">\n\t\t\t<div class=\"sow-accordion-panel sow-accordion-panel-open\"\n\t\t\t data-anchor=\"canicr%c3%b2s\">\n\t\t\t\t<div class=\"sow-accordion-panel-header-container\" role=\"heading\" aria-level=\"2\">\n\t\t\t\t\t<div class=\"sow-accordion-panel-header\" tabindex=\"0\" role=\"button\" id=\"accordion-label-canicr%c3%b2s\" aria-controls=\"accordion-content-canicr%c3%b2s\" aria-expanded=\"true\">\n\t\t\t\t\t\t<div class=\"sow-accordion-title sow-accordion-title-icon-left\">\n\t\t\t\t\t\t\t\t\t\t\t\t\t\tCanicr\u00f2s\t\t\t\t\t\t\t\t\t\t\t\t\t<\/div>\n\t\t\t\t\t\t<div class=\"sow-accordion-open-close-button\">\n\t\t\t\t\t\t\t<div class=\"sow-accordion-open-button\">\n\t\t\t\t\t\t\t\t<span class=\"sow-icon-ionicons\" data-sow-icon=\"&#xf218;\"\n\t\t ><\/span>\t\t\t\t\t\t\t<\/div>\n\t\t\t\t\t\t\t<div class=\"sow-accordion-close-button\">\n\t\t\t\t\t\t\t\t<span class=\"sow-icon-ionicons\" data-sow-icon=\"&#xf209;\"\n\t\t ><\/span>\t\t\t\t\t\t\t<\/div>\n\t\t\t\t\t\t<\/div>\n\t\t\t\t\t<\/div>\n\t\t\t\t<\/div>\n\n\t\t\t<div class=\"sow-accordion-panel-content\" role=\"region\" aria-labelledby=\"accordion-label-canicr%c3%b2s\" id=\"accordion-content-canicr%c3%b2s\">\n\t\t\t\t<div class=\"sow-accordion-panel-border\" tabindex=\"0\">\n\t\t\t\t\t<p>Prova competitiva.<\/p>\n<p>Sortides dels corredors en calaixos de 2 participants cada 10 segons. El recorregut ser\u00e0 de aproximadament 6 Km exclusivament per pistes forestals i corriols poc t\u00e8cnics.<\/p>\n<p>El temps m\u00e0xim per realitzar el recorregut ser\u00e0 de 1h 30m<\/p>\n\t\t\t\t<\/div>\n\t\t\t<\/div>\n\t\t<\/div>\n\t\t\t<div class=\"sow-accordion-panel sow-accordion-panel-open\"\n\t\t\t data-anchor=\"caminada-canina\">\n\t\t\t\t<div class=\"sow-accordion-panel-header-container\" role=\"heading\" aria-level=\"2\">\n\t\t\t\t\t<div class=\"sow-accordion-panel-header\" tabindex=\"0\" role=\"button\" id=\"accordion-label-caminada-canina\" aria-controls=\"accordion-content-caminada-canina\" aria-expanded=\"true\">\n\t\t\t\t\t\t<div class=\"sow-accordion-title sow-accordion-title-icon-left\">\n\t\t\t\t\t\t\t\t\t\t\t\t\t\tCaminada canina\t\t\t\t\t\t\t\t\t\t\t\t\t<\/div>\n\t\t\t\t\t\t<div class=\"sow-accordion-open-close-button\">\n\t\t\t\t\t\t\t<div class=\"sow-accordion-open-button\">\n\t\t\t\t\t\t\t\t<span class=\"sow-icon-ionicons\" data-sow-icon=\"&#xf218;\"\n\t\t ><\/span>\t\t\t\t\t\t\t<\/div>\n\t\t\t\t\t\t\t<div class=\"sow-accordion-close-button\">\n\t\t\t\t\t\t\t\t<span class=\"sow-icon-ionicons\" data-sow-icon=\"&#xf209;\"\n\t\t ><\/span>\t\t\t\t\t\t\t<\/div>\n\t\t\t\t\t\t<\/div>\n\t\t\t\t\t<\/div>\n\t\t\t\t<\/div>\n\n\t\t\t<div class=\"sow-accordion-panel-content\" role=\"region\" aria-labelledby=\"accordion-label-caminada-canina\" id=\"accordion-content-caminada-canina\">\n\t\t\t\t<div class=\"sow-accordion-panel-border\" tabindex=\"0\">\n\t\t\t\t\t<p>Prova no competitiva on podreu participar amb tota la familia, nom\u00e9s cal que inscribiu una persona per animal. Es far\u00e0 una \u00fanica sortida amb tots els corredors alhora, el recorregut ser\u00e0 de aproximadament de 5 km, compartint part del recorregut del Canicr\u00f2s.<\/p>\n<p>Per a totes aquelles persones que s\u2019estan iniciant, o no disposen de tot el material, o no compleixen tots els requisits que demana la FCEH o simplement volen passar una estona agradable sense la necessitat de competir, aquesta ser\u00e0 la vostra cursa!<\/p>\n<p>Ser\u00e0 un circuit assequible per tothom . Tot ell transcorre per camins i corriols amb poca dificultat t\u00e8cnica.<\/p>\n<p>Que li diguem caminada no vol dir que no pogueu c\u00f2rrer\u2026 o sigui que si en teniu ganes podeu fer part del recorregut corrent! Us animem a participar-hi i disfrutar d\u2019un gran dia en companyia dels vostres gossos.<\/p>\n<p>El temps m\u00e0xim per realitzar el recorregut ser\u00e0 de 2h.<\/p>\n\t\t\t\t<\/div>\n\t\t\t<\/div>\n\t\t<\/div>\n\t\t\t<div class=\"sow-accordion-panel sow-accordion-panel-open\"\n\t\t\t data-anchor=\"canicr%c3%b2s-infantil\">\n\t\t\t\t<div class=\"sow-accordion-panel-header-container\" role=\"heading\" aria-level=\"2\">\n\t\t\t\t\t<div class=\"sow-accordion-panel-header\" tabindex=\"0\" role=\"button\" id=\"accordion-label-canicr%c3%b2s-infantil\" aria-controls=\"accordion-content-canicr%c3%b2s-infantil\" aria-expanded=\"true\">\n\t\t\t\t\t\t<div class=\"sow-accordion-title sow-accordion-title-icon-left\">\n\t\t\t\t\t\t\t\t\t\t\t\t\t\tCanicr\u00f2s infantil\t\t\t\t\t\t\t\t\t\t\t\t\t<\/div>\n\t\t\t\t\t\t<div class=\"sow-accordion-open-close-button\">\n\t\t\t\t\t\t\t<div class=\"sow-accordion-open-button\">\n\t\t\t\t\t\t\t\t<span class=\"sow-icon-ionicons\" data-sow-icon=\"&#xf218;\"\n\t\t ><\/span>\t\t\t\t\t\t\t<\/div>\n\t\t\t\t\t\t\t<div class=\"sow-accordion-close-button\">\n\t\t\t\t\t\t\t\t<span class=\"sow-icon-ionicons\" data-sow-icon=\"&#xf209;\"\n\t\t ><\/span>\t\t\t\t\t\t\t<\/div>\n\t\t\t\t\t\t<\/div>\n\t\t\t\t\t<\/div>\n\t\t\t\t<\/div>\n\n\t\t\t<div class=\"sow-accordion-panel-content\" role=\"region\" aria-labelledby=\"accordion-label-canicr%c3%b2s-infantil\" id=\"accordion-content-canicr%c3%b2s-infantil\">\n\t\t\t\t<div class=\"sow-accordion-panel-border\" tabindex=\"0\">\n\t\t\t\t\t<p>El canicr\u00f2s infantil \u00e9s una prova de destinada als m\u00e9s petits i que es desenvolupa en un circuit dins el parc de Can Preses d'uns 300 metres aproximadament. L'edat m\u00e0xima \u00e9s de 12 anys i es pot i \u00e9s recomanable anar acompanyat d'un adult.<\/p>\n\t\t\t\t<\/div>\n\t\t\t<\/div>\n\t\t<\/div>\n\t\t<\/div>\n<\/div>\n<\/div><\/div><\/div><div id=\"panel-39-0-0-4\" class=\"so-panel widget widget_sow-editor panel-last-child\" data-index=\"4\" ><div class=\"panel-widget-style panel-widget-style-for-39-0-0-4\" ><div class=\"so-widget-sow-editor so-widget-sow-editor-base\"><h3 class=\"widget-title\">Categories<\/h3>\n<div class=\"siteorigin-widget-tinymce textwidget\">\n\t<p>Hi haur\u00e0 un total de 9 categories amb premis al Canicr\u00f2s:<\/p>\n<ul>\n<li>J\u00fanior absolut (nascuts entre 2008 i anys posteriors. Edat m\u00ednima 12 anys).<\/li>\n<li>S\u00e8nior mascul\u00ed i femen\u00ed (nascuts entre els anys 1987 i 2007, inclosos)<\/li>\n<li>Veter\u00e0 mascul\u00ed i femen\u00ed (nascuts entre els anys 1977 i 1986, inclosos)<\/li>\n<li>M\u00e0ster mascul\u00ed i femen\u00ed (nascuts el 1976 o anys anteriors)<\/li>\n<li>Gossos &lt; 15 kg. mascul\u00ed i femen\u00ed.<\/li>\n<\/ul>\n<p>La caminada no t\u00e9 categories al no ser competitiva.<\/p>\n<p>El Canicr\u00f2s Infantil \u00e9s per menors de 12 anys i \u00e9s recomenable anar acompanyat d'un adult si no es t\u00e9 control del gos.<\/p>\n<\/div>\n<\/div><\/div><\/div><\/div><\/div><\/div><\/div><\/div>","protected":false},"excerpt":{"rendered":"<div class=\"slide-text-bg2\"><span>Obertura zona Camper (Parc de Can Preses): Dissabte 21\/3\/2026 &#8211; 15:00 h. Recollida de dorsals i Control veterinari (Parc de Can Preses): Dissabte 21\/3\/2026<\/span><\/div>\n<div class=\"slide-btn-area-sm\"><a href=\"http:\/\/canicross.pitallat.cat\/?page_id=39\" class=\"slide-btn-sm\">Llegiu m\u00e9s<\/a><\/div>\n","protected":false},"author":1,"featured_media":0,"parent":0,"menu_order":0,"comment_status":"closed","ping_status":"closed","template":"fullwidth.php","meta":{"footnotes":""},"class_list":["post-39","page","type-page","status-publish","hentry"],"_links":{"self":[{"href":"http:\/\/canicross.pitallat.cat\/index.php?rest_route=\/wp\/v2\/pages\/39"}],"collection":[{"href":"http:\/\/canicross.pitallat.cat\/index.php?rest_route=\/wp\/v2\/pages"}],"about":[{"href":"http:\/\/canicross.pitallat.cat\/index.php?rest_route=\/wp\/v2\/types\/page"}],"author":[{"embeddable":true,"href":"http:\/\/canicross.pitallat.cat\/index.php?rest_route=\/wp\/v2\/users\/1"}],"replies":[{"embeddable":true,"href":"http:\/\/canicross.pitallat.cat\/index.php?rest_route=%2Fwp%2Fv2%2Fcomments&post=39"}],"version-history":[{"count":110,"href":"http:\/\/canicross.pitallat.cat\/index.php?rest_route=\/wp\/v2\/pages\/39\/revisions"}],"predecessor-version":[{"id":537,"href":"http:\/\/canicross.pitallat.cat\/index.php?rest_route=\/wp\/v2\/pages\/39\/revisions\/537"}],"wp:attachment":[{"href":"http:\/\/canicross.pitallat.cat\/index.php?rest_route=%2Fwp%2Fv2%2Fmedia&parent=39"}],"curies":[{"name":"wp","href":"https:\/\/api.w.org\/{rel}","templated":true}]}}